{"id":4128,"date":"2023-09-24T22:10:07","date_gmt":"2023-09-24T22:10:07","guid":{"rendered":"https:\/\/www.institutodeinglesrossello.com\/?page_id=4128"},"modified":"2024-09-03T03:22:36","modified_gmt":"2024-09-03T03:22:36","slug":"historia","status":"publish","type":"page","link":"https:\/\/www.institutodeinglesrossello.com\/en\/historia\/","title":{"rendered":"History"},"content":{"rendered":"<div data-elementor-type=\"wp-page\" data-elementor-id=\"4128\" class=\"elementor elementor-4128\">\n\t\t\t\t\t\t<section class=\"elementor-section elementor-top-section elementor-element elementor-element-2318c81a elementor-section-stretched elementor-section-height-min-height elementor-section-boxed elementor-section-height-default elementor-section-items-middle\" data-id=\"2318c81a\" data-element_type=\"section\" data-e-type=\"section\" data-settings=\"{&quot;stretch_section&quot;:&quot;section-stretched&quot;,&quot;background_background&quot;:&quot;gradient&quot;}\">\n\t\t\t\t\t\t\t<div class=\"elementor-background-overlay\"><\/div>\n\t\t\t\t\t\t\t<div class=\"elementor-container elementor-column-gap-default\">\n\t\t\t\t\t<div class=\"elementor-column elementor-col-50 elementor-top-column elementor-element elementor-element-2b2895bc\" data-id=\"2b2895bc\" data-element_type=\"column\" data-e-type=\"column\">\n\t\t\t<div class=\"elementor-widget-wrap elementor-element-populated\">\n\t\t\t\t\t\t<div class=\"elementor-element elementor-element-5efad115 elementor-widget elementor-widget-image\" data-id=\"5efad115\" data-element_type=\"widget\" data-e-type=\"widget\" data-widget_type=\"image.default\">\n\t\t\t\t<div class=\"elementor-widget-container\">\n\t\t\t\t\t\t\t\t\t\t\t\t\t\t\t<img fetchpriority=\"high\" decoding=\"async\" width=\"256\" height=\"256\" src=\"https:\/\/www.institutodeinglesrossello.com\/wp-content\/uploads\/2023\/09\/first-aid-kit-1.png\" class=\"attachment-large size-large wp-image-4130\" alt=\"\" srcset=\"https:\/\/www.institutodeinglesrossello.com\/wp-content\/uploads\/2023\/09\/first-aid-kit-1.png 256w, https:\/\/www.institutodeinglesrossello.com\/wp-content\/uploads\/2023\/09\/first-aid-kit-1-150x150.png 150w\" sizes=\"(max-width: 256px) 100vw, 256px\" \/>\t\t\t\t\t\t\t\t\t\t\t\t\t\t\t<\/div>\n\t\t\t\t<\/div>\n\t\t\t\t\t<\/div>\n\t\t<\/div>\n\t\t\t\t<div class=\"elementor-column elementor-col-50 elementor-top-column elementor-element elementor-element-3d42e6ba\" data-id=\"3d42e6ba\" data-element_type=\"column\" data-e-type=\"column\">\n\t\t\t<div class=\"elementor-widget-wrap elementor-element-populated\">\n\t\t\t\t\t\t<div class=\"elementor-element elementor-element-69873ab6 elementor-invisible elementor-widget elementor-widget-heading\" data-id=\"69873ab6\" data-element_type=\"widget\" data-e-type=\"widget\" data-settings=\"{&quot;_animation&quot;:&quot;fadeIn&quot;}\" data-widget_type=\"heading.default\">\n\t\t\t\t<div class=\"elementor-widget-container\">\n\t\t\t\t\t<h1 class=\"elementor-heading-title elementor-size-default\">Our Beginnings<\/h1>\t\t\t\t<\/div>\n\t\t\t\t<\/div>\n\t\t\t\t<div class=\"elementor-element elementor-element-5c36bad2 elementor-widget-divider--view-line elementor-widget elementor-widget-divider\" data-id=\"5c36bad2\" data-element_type=\"widget\" data-e-type=\"widget\" data-widget_type=\"divider.default\">\n\t\t\t\t<div class=\"elementor-widget-container\">\n\t\t\t\t\t\t\t<div class=\"elementor-divider\">\n\t\t\t<span class=\"elementor-divider-separator\">\n\t\t\t\t\t\t<\/span>\n\t\t<\/div>\n\t\t\t\t\t\t<\/div>\n\t\t\t\t<\/div>\n\t\t\t\t<div class=\"elementor-element elementor-element-57ead07e elementor-invisible elementor-widget elementor-widget-heading\" data-id=\"57ead07e\" data-element_type=\"widget\" data-e-type=\"widget\" data-settings=\"{&quot;_animation&quot;:&quot;fadeInDown&quot;}\" data-widget_type=\"heading.default\">\n\t\t\t\t<div class=\"elementor-widget-container\">\n\t\t\t\t\t<span class=\"elementor-heading-title elementor-size-default\">-How did the Rossello Institute come about?<\/span>\t\t\t\t<\/div>\n\t\t\t\t<\/div>\n\t\t\t\t\t<\/div>\n\t\t<\/div>\n\t\t\t\t\t<\/div>\n\t\t<\/section>\n\t\t\t\t<section class=\"elementor-section elementor-top-section elementor-element elementor-element-3b22772c elementor-section-boxed elementor-section-height-default elementor-section-height-default\" data-id=\"3b22772c\" data-element_type=\"section\" data-e-type=\"section\" data-settings=\"{&quot;background_background&quot;:&quot;classic&quot;}\">\n\t\t\t\t\t\t<div class=\"elementor-container elementor-column-gap-default\">\n\t\t\t\t\t<div class=\"elementor-column elementor-col-50 elementor-top-column elementor-element elementor-element-5cc6d6bf\" data-id=\"5cc6d6bf\" data-element_type=\"column\" data-e-type=\"column\" data-settings=\"{&quot;background_background&quot;:&quot;classic&quot;}\">\n\t\t\t<div class=\"elementor-widget-wrap elementor-element-populated\">\n\t\t\t\t\t\t<div class=\"elementor-element elementor-element-63bbd90f elementor-widget-divider--view-line elementor-widget elementor-widget-divider\" data-id=\"63bbd90f\" data-element_type=\"widget\" data-e-type=\"widget\" data-widget_type=\"divider.default\">\n\t\t\t\t<div class=\"elementor-widget-container\">\n\t\t\t\t\t\t\t<div class=\"elementor-divider\">\n\t\t\t<span class=\"elementor-divider-separator\">\n\t\t\t\t\t\t<\/span>\n\t\t<\/div>\n\t\t\t\t\t\t<\/div>\n\t\t\t\t<\/div>\n\t\t\t\t<div class=\"elementor-element elementor-element-56881eed elementor-widget elementor-widget-text-editor\" data-id=\"56881eed\" data-element_type=\"widget\" data-e-type=\"widget\" data-widget_type=\"text-editor.default\">\n\t\t\t\t<div class=\"elementor-widget-container\">\n\t\t\t\t\t\t\t\t\t<p>With a forward-looking approach, in 1970, Sisters of Mercy in Rosario set up  Instituto de Idiomas Particular Incorporado 3013 \u201cSta Ma. Josefa Rossello\u201d to provide the community with intensive learning of a second language through a Basic Training English Course.<\/p><p>The guidelines of this course have been progressively enriched in their curricular content and methodology, resulting in the ENGLISH-SPANISH BILINGUAL ASSISTANT syllabus, which grants Official Certificates from the Provincial Department of Private Education\u4e00Resolution\u00a01029\/90.<\/p>\t\t\t\t\t\t\t\t<\/div>\n\t\t\t\t<\/div>\n\t\t\t\t\t<\/div>\n\t\t<\/div>\n\t\t\t\t<div class=\"elementor-column elementor-col-50 elementor-top-column elementor-element elementor-element-13ddb6e8\" data-id=\"13ddb6e8\" data-element_type=\"column\" data-e-type=\"column\">\n\t\t\t<div class=\"elementor-widget-wrap elementor-element-populated\">\n\t\t\t\t\t\t<div class=\"elementor-element elementor-element-f3b3d03 elementor-widget elementor-widget-image\" data-id=\"f3b3d03\" data-element_type=\"widget\" data-e-type=\"widget\" data-widget_type=\"image.default\">\n\t\t\t\t<div class=\"elementor-widget-container\">\n\t\t\t\t\t\t\t\t\t\t\t\t\t\t\t<img decoding=\"async\" width=\"1200\" height=\"1600\" src=\"https:\/\/www.institutodeinglesrossello.com\/wp-content\/uploads\/2023\/12\/6.jpeg\" class=\"attachment-full size-full wp-image-4270\" alt=\"\" srcset=\"https:\/\/www.institutodeinglesrossello.com\/wp-content\/uploads\/2023\/12\/6.jpeg 1200w, https:\/\/www.institutodeinglesrossello.com\/wp-content\/uploads\/2023\/12\/6-225x300.jpeg 225w, https:\/\/www.institutodeinglesrossello.com\/wp-content\/uploads\/2023\/12\/6-768x1024.jpeg 768w, https:\/\/www.institutodeinglesrossello.com\/wp-content\/uploads\/2023\/12\/6-1152x1536.jpeg 1152w\" sizes=\"(max-width: 1200px) 100vw, 1200px\" \/>\t\t\t\t\t\t\t\t\t\t\t\t\t\t\t<\/div>\n\t\t\t\t<\/div>\n\t\t\t\t\t<\/div>\n\t\t<\/div>\n\t\t\t\t\t<\/div>\n\t\t<\/section>\n\t\t\t\t<\/div>","protected":false},"excerpt":{"rendered":"<p>HISTORIA \u00bfC\u00f3mo naci\u00f3 el Instituto Rossello? Con gran visi\u00f3n de futuro, en el a\u00f1o 1970, las hermanas de la Misericordia de Rosario impulsaron la creaci\u00f3n del Instituto de Idiomas Particular Incorporado 3013 \u201cSta Ma. Josefa Rossello\u201d, para ofrecer a la comunidad el aprendizaje intensivo de una segunda lengua a partir del Curso de Capacitaci\u00f3n B\u00e1sica&hellip;&nbsp;<\/p>","protected":false},"author":1,"featured_media":0,"parent":0,"menu_order":0,"comment_status":"closed","ping_status":"closed","template":"","meta":{"neve_meta_sidebar":"","neve_meta_container":"","neve_meta_enable_content_width":"","neve_meta_content_width":0,"neve_meta_title_alignment":"","neve_meta_author_avatar":"","neve_post_elements_order":"","neve_meta_disable_header":"","neve_meta_disable_footer":"","neve_meta_disable_title":"","footnotes":""},"class_list":["post-4128","page","type-page","status-publish","hentry"],"_links":{"self":[{"href":"https:\/\/www.institutodeinglesrossello.com\/en\/wp-json\/wp\/v2\/pages\/4128","targetHints":{"allow":["GET"]}}],"collection":[{"href":"https:\/\/www.institutodeinglesrossello.com\/en\/wp-json\/wp\/v2\/pages"}],"about":[{"href":"https:\/\/www.institutodeinglesrossello.com\/en\/wp-json\/wp\/v2\/types\/page"}],"author":[{"embeddable":true,"href":"https:\/\/www.institutodeinglesrossello.com\/en\/wp-json\/wp\/v2\/users\/1"}],"replies":[{"embeddable":true,"href":"https:\/\/www.institutodeinglesrossello.com\/en\/wp-json\/wp\/v2\/comments?post=4128"}],"version-history":[{"count":22,"href":"https:\/\/www.institutodeinglesrossello.com\/en\/wp-json\/wp\/v2\/pages\/4128\/revisions"}],"predecessor-version":[{"id":4478,"href":"https:\/\/www.institutodeinglesrossello.com\/en\/wp-json\/wp\/v2\/pages\/4128\/revisions\/4478"}],"wp:attachment":[{"href":"https:\/\/www.institutodeinglesrossello.com\/en\/wp-json\/wp\/v2\/media?parent=4128"}],"curies":[{"name":"wp","href":"https:\/\/api.w.org\/{rel}","templated":true}]}}