{"id":4137,"date":"2023-09-24T22:12:54","date_gmt":"2023-09-24T22:12:54","guid":{"rendered":"https:\/\/www.institutodeinglesrossello.com\/?page_id=4137"},"modified":"2024-09-05T22:33:13","modified_gmt":"2024-09-05T22:33:13","slug":"plan-de-estudios","status":"publish","type":"page","link":"https:\/\/www.institutodeinglesrossello.com\/en\/plan-de-estudios\/","title":{"rendered":"Plan de estudios"},"content":{"rendered":"<div data-elementor-type=\"wp-page\" data-elementor-id=\"4137\" class=\"elementor elementor-4137\">\n\t\t\t\t\t\t<section class=\"elementor-section elementor-top-section elementor-element elementor-element-462adcad elementor-section-stretched elementor-section-height-min-height elementor-section-boxed elementor-section-height-default elementor-section-items-middle\" data-id=\"462adcad\" data-element_type=\"section\" data-e-type=\"section\" data-settings=\"{&quot;stretch_section&quot;:&quot;section-stretched&quot;,&quot;background_background&quot;:&quot;gradient&quot;}\">\n\t\t\t\t\t\t\t<div class=\"elementor-background-overlay\"><\/div>\n\t\t\t\t\t\t\t<div class=\"elementor-container elementor-column-gap-default\">\n\t\t\t\t\t<div class=\"elementor-column elementor-col-100 elementor-top-column elementor-element elementor-element-193a98c1\" data-id=\"193a98c1\" data-element_type=\"column\" data-e-type=\"column\">\n\t\t\t<div class=\"elementor-widget-wrap elementor-element-populated\">\n\t\t\t\t\t\t<div class=\"elementor-element elementor-element-774adac5 elementor-invisible elementor-widget elementor-widget-heading\" data-id=\"774adac5\" data-element_type=\"widget\" data-e-type=\"widget\" data-settings=\"{&quot;_animation&quot;:&quot;fadeIn&quot;}\" data-widget_type=\"heading.default\">\n\t\t\t\t<div class=\"elementor-widget-container\">\n\t\t\t\t\t<h1 class=\"elementor-heading-title elementor-size-default\">Syllabus<\/h1>\t\t\t\t<\/div>\n\t\t\t\t<\/div>\n\t\t\t\t<div class=\"elementor-element elementor-element-726588f1 elementor-widget-divider--view-line elementor-widget elementor-widget-divider\" data-id=\"726588f1\" data-element_type=\"widget\" data-e-type=\"widget\" data-widget_type=\"divider.default\">\n\t\t\t\t<div class=\"elementor-widget-container\">\n\t\t\t\t\t\t\t<div class=\"elementor-divider\">\n\t\t\t<span class=\"elementor-divider-separator\">\n\t\t\t\t\t\t<\/span>\n\t\t<\/div>\n\t\t\t\t\t\t<\/div>\n\t\t\t\t<\/div>\n\t\t\t\t\t<\/div>\n\t\t<\/div>\n\t\t\t\t\t<\/div>\n\t\t<\/section>\n\t\t\t\t<section class=\"elementor-section elementor-top-section elementor-element elementor-element-6555fc6f elementor-section-content-top elementor-section-stretched elementor-section-boxed elementor-section-height-default elementor-section-height-default\" data-id=\"6555fc6f\" data-element_type=\"section\" data-e-type=\"section\" data-settings=\"{&quot;background_background&quot;:&quot;classic&quot;,&quot;stretch_section&quot;:&quot;section-stretched&quot;}\">\n\t\t\t\t\t\t\t<div class=\"elementor-background-overlay\"><\/div>\n\t\t\t\t\t\t\t<div class=\"elementor-container elementor-column-gap-no\">\n\t\t\t\t\t<div class=\"elementor-column elementor-col-100 elementor-top-column elementor-element elementor-element-3e185de5\" data-id=\"3e185de5\" data-element_type=\"column\" data-e-type=\"column\">\n\t\t\t<div class=\"elementor-widget-wrap elementor-element-populated\">\n\t\t\t\t\t\t<section class=\"elementor-section elementor-inner-section elementor-element elementor-element-f611fd3 elementor-section-boxed elementor-section-height-default elementor-section-height-default\" data-id=\"f611fd3\" data-element_type=\"section\" data-e-type=\"section\">\n\t\t\t\t\t\t<div class=\"elementor-container elementor-column-gap-default\">\n\t\t\t\t\t<div class=\"elementor-column elementor-col-50 elementor-inner-column elementor-element elementor-element-2fae651e\" data-id=\"2fae651e\" data-element_type=\"column\" data-e-type=\"column\">\n\t\t\t<div class=\"elementor-widget-wrap elementor-element-populated\">\n\t\t\t\t\t\t<div class=\"elementor-element elementor-element-3ddcd11 elementor-widget elementor-widget-text-editor\" data-id=\"3ddcd11\" data-element_type=\"widget\" data-e-type=\"widget\" data-widget_type=\"text-editor.default\">\n\t\t\t\t<div class=\"elementor-widget-container\">\n\t\t\t\t\t\t\t\t\t<p style=\"color: #000000;\">Our Instituto de Idiomas Particular Incorporado 3013 \u201cSta Ma. Josefa Rossello\u201d, offers a Bilingual Spanish-English Teaching Assistant degree - (Resolution 1029\/90).<\/p><p style=\"color: #000000;\">It is a five-year programme plus an extra basic adaptation course that is made up of 2 classes a week, which amounts to 6 hours of learning. From 1st to 5th forms, we offer 9 hours of learning on a basis of 3 weekly classes. This guarantees both good-quality lessons and the acquisition of an exceptional communicative competence; which is also achieved through intensive practice and the stimulation of different skills.<\/p><p style=\"color: #000000;\">Our courses are directed at teenagers, young people, and adults (it is mandatory that the student be at least 12 years old or in 7th grade of middle school to enroll), and we offer two different shifts, one starting at 2:15 pm and another one starting at 4.25pm.<\/p><p style=\"color: #000000;\"><br \/>Students with prior language knowledge will be able to sit for placement tests.<\/p>\t\t\t\t\t\t\t\t<\/div>\n\t\t\t\t<\/div>\n\t\t\t\t\t<\/div>\n\t\t<\/div>\n\t\t\t\t<div class=\"elementor-column elementor-col-50 elementor-inner-column elementor-element elementor-element-1269977d\" data-id=\"1269977d\" data-element_type=\"column\" data-e-type=\"column\">\n\t\t\t<div class=\"elementor-widget-wrap elementor-element-populated\">\n\t\t\t\t\t\t<div class=\"elementor-element elementor-element-bfdc230 elementor-widget elementor-widget-image\" data-id=\"bfdc230\" data-element_type=\"widget\" data-e-type=\"widget\" data-widget_type=\"image.default\">\n\t\t\t\t<div class=\"elementor-widget-container\">\n\t\t\t\t\t\t\t\t\t\t\t\t\t\t\t<img fetchpriority=\"high\" decoding=\"async\" width=\"1200\" height=\"1600\" src=\"https:\/\/www.institutodeinglesrossello.com\/wp-content\/uploads\/2023\/12\/G2-1.jpeg\" class=\"attachment-full size-full wp-image-4291\" alt=\"\" srcset=\"https:\/\/www.institutodeinglesrossello.com\/wp-content\/uploads\/2023\/12\/G2-1.jpeg 1200w, https:\/\/www.institutodeinglesrossello.com\/wp-content\/uploads\/2023\/12\/G2-1-225x300.jpeg 225w, https:\/\/www.institutodeinglesrossello.com\/wp-content\/uploads\/2023\/12\/G2-1-768x1024.jpeg 768w, https:\/\/www.institutodeinglesrossello.com\/wp-content\/uploads\/2023\/12\/G2-1-1152x1536.jpeg 1152w\" sizes=\"(max-width: 1200px) 100vw, 1200px\" \/>\t\t\t\t\t\t\t\t\t\t\t\t\t\t\t<\/div>\n\t\t\t\t<\/div>\n\t\t\t\t\t<\/div>\n\t\t<\/div>\n\t\t\t\t\t<\/div>\n\t\t<\/section>\n\t\t\t\t\t<\/div>\n\t\t<\/div>\n\t\t\t\t\t<\/div>\n\t\t<\/section>\n\t\t\t\t<\/div>","protected":false},"excerpt":{"rendered":"<p>PLAN DE ESTUDIOS En el Instituto de Idiomas Particular Incorporado N\u00ba3013 Santa Mar\u00eda Josefa Rossello se dicta el Plan de estudio Auxiliar Biling\u00fce Espa\u00f1ol \u2013 Ingl\u00e9s (Decreto 1029\/90). El mismo consta de cinco a\u00f1os de duraci\u00f3n m\u00e1s un a\u00f1o integrador b\u00e1sico. El nivel integrador consta de 6 hs semanales de cursado distribuidas en dos d\u00edas&hellip;&nbsp;<\/p>","protected":false},"author":1,"featured_media":0,"parent":0,"menu_order":0,"comment_status":"closed","ping_status":"closed","template":"","meta":{"neve_meta_sidebar":"","neve_meta_container":"","neve_meta_enable_content_width":"","neve_meta_content_width":0,"neve_meta_title_alignment":"","neve_meta_author_avatar":"","neve_post_elements_order":"","neve_meta_disable_header":"","neve_meta_disable_footer":"","neve_meta_disable_title":"","footnotes":""},"class_list":["post-4137","page","type-page","status-publish","hentry"],"_links":{"self":[{"href":"https:\/\/www.institutodeinglesrossello.com\/en\/wp-json\/wp\/v2\/pages\/4137","targetHints":{"allow":["GET"]}}],"collection":[{"href":"https:\/\/www.institutodeinglesrossello.com\/en\/wp-json\/wp\/v2\/pages"}],"about":[{"href":"https:\/\/www.institutodeinglesrossello.com\/en\/wp-json\/wp\/v2\/types\/page"}],"author":[{"embeddable":true,"href":"https:\/\/www.institutodeinglesrossello.com\/en\/wp-json\/wp\/v2\/users\/1"}],"replies":[{"embeddable":true,"href":"https:\/\/www.institutodeinglesrossello.com\/en\/wp-json\/wp\/v2\/comments?post=4137"}],"version-history":[{"count":31,"href":"https:\/\/www.institutodeinglesrossello.com\/en\/wp-json\/wp\/v2\/pages\/4137\/revisions"}],"predecessor-version":[{"id":4492,"href":"https:\/\/www.institutodeinglesrossello.com\/en\/wp-json\/wp\/v2\/pages\/4137\/revisions\/4492"}],"wp:attachment":[{"href":"https:\/\/www.institutodeinglesrossello.com\/en\/wp-json\/wp\/v2\/media?parent=4137"}],"curies":[{"name":"wp","href":"https:\/\/api.w.org\/{rel}","templated":true}]}}